{"id":15,"date":"2018-05-24T15:06:56","date_gmt":"2018-05-24T15:06:56","guid":{"rendered":"https:\/\/berg-fewo-zingst.de\/?page_id=15"},"modified":"2019-07-20T11:18:23","modified_gmt":"2019-07-20T11:18:23","slug":"startseite","status":"publish","type":"page","link":"https:\/\/berg-fewo-zingst.de\/","title":{"rendered":"Startseite"},"content":{"rendered":"<p style=\"text-align: center;\">Willkommen im Ostseeheilbad Zingst, einem attraktiven Ferienort, eingebettet zwischen Ostsee und Bodden inmitten des Nationalparks \u201eVorpommersche Boddenlandschaft\u201c auf der wohl sch\u00f6nsten Halbinsel Deutschlands!<\/p>\n<p style=\"text-align: center;\"><img loading=\"lazy\" decoding=\"async\" class=\"alignnone size-medium wp-image-108\" src=\"https:\/\/berg-fewo-zingst.de\/wp-content\/uploads\/2019\/01\/zingst7-300x225.jpg\" alt=\"\" width=\"300\" height=\"225\" srcset=\"https:\/\/berg-fewo-zingst.de\/wp-content\/uploads\/2019\/01\/zingst7-300x225.jpg 300w, https:\/\/berg-fewo-zingst.de\/wp-content\/uploads\/2019\/01\/zingst7-768x576.jpg 768w, https:\/\/berg-fewo-zingst.de\/wp-content\/uploads\/2019\/01\/zingst7.jpg 1024w\" sizes=\"auto, (max-width: 300px) 100vw, 300px\" \/><\/p>\n<p style=\"text-align: center;\">Zwischen den traditionellen Hansest\u00e4dten Rostock und Stralsund direkt an der Ostseek\u00fcste finden Sie eine reizvolle K\u00fcsten- und Boddenlandschaft vor und im Binnenland riesige Urwald \u00e4hnliche W\u00e4lder, die Sie mit dem Fahrrad, zu Fu\u00df, zu Pferd auf sehr gut ausgebautem Rad- und Wanderwegenetz erkunden k\u00f6nnen. Diese atemberaubende Naturlandschaft ist in ihrer Vielfalt in Mitteleuropa einzigartig!<br \/>\nAuf ca. 60 km entlang der K\u00fcste beeindruckt der besonders feine, wei\u00dfe und steinfreie Sand und l\u00e4dt zum Baden ein. Die ruhigen und flachen Gew\u00e4sser des Boddens sind ideal f\u00fcr alle Surfer und Segler. In fast allen H\u00e4fen k\u00f6nnen Sie Tagestouren auf den legend\u00e4ren Zeesenbooten buchen, den imposanten Schiffen mit den braunen Segeln, die Zeitzeugen der maritimen Tradition der Halbinsel sind.<br \/>\nSp\u00fcren Sie die wohltuenden Reize des milden K\u00fcstenklimas, besonders empfehlenswert bei<br \/>\nchronischen Atemwegserkrankungen und Hautproblemen.<\/p>\n<p style=\"text-align: center;\">Ein anspruchsvolles Kulturprogramm f\u00fcr Jung und Alt sowie aktive Erholung mit vielf\u00e4ltigen Sportangeboten nicht nur am Zingster Sportstrand runden das Urlaubserlebnis ab.<br \/>\nNach einem Bummel auf der gepflegten Flaniermeile zwischen Hafen und Seebr\u00fccke laden gem\u00fctliche Restaurants des Ortes zum Verweilen ein, die t\u00e4gliche frischen Fisch \u2013 gebraten, ged\u00fcnstet, gegrillt oder ger\u00e4uchert bieten.<\/p>\n","protected":false},"excerpt":{"rendered":"<p>Willkommen im Ostseeheilbad Zingst, einem attraktiven Ferienort, eingebettet zwischen Ostsee und Bodden inmitten des Nationalparks \u201eVorpommersche Boddenlandschaft\u201c auf der wohl sch\u00f6nsten Halbinsel Deutschlands! Zwischen den traditionellen Hansest\u00e4dten Rostock und Stralsund direkt an der Ostseek\u00fcste finden Sie eine reizvolle K\u00fcsten- und<\/p>\n","protected":false},"author":1,"featured_media":0,"parent":0,"menu_order":0,"comment_status":"closed","ping_status":"closed","template":"","meta":{"footnotes":""},"class_list":["post-15","page","type-page","status-publish","hentry"],"_links":{"self":[{"href":"https:\/\/berg-fewo-zingst.de\/index.php?rest_route=\/wp\/v2\/pages\/15","targetHints":{"allow":["GET"]}}],"collection":[{"href":"https:\/\/berg-fewo-zingst.de\/index.php?rest_route=\/wp\/v2\/pages"}],"about":[{"href":"https:\/\/berg-fewo-zingst.de\/index.php?rest_route=\/wp\/v2\/types\/page"}],"author":[{"embeddable":true,"href":"https:\/\/berg-fewo-zingst.de\/index.php?rest_route=\/wp\/v2\/users\/1"}],"replies":[{"embeddable":true,"href":"https:\/\/berg-fewo-zingst.de\/index.php?rest_route=%2Fwp%2Fv2%2Fcomments&post=15"}],"version-history":[{"count":6,"href":"https:\/\/berg-fewo-zingst.de\/index.php?rest_route=\/wp\/v2\/pages\/15\/revisions"}],"predecessor-version":[{"id":223,"href":"https:\/\/berg-fewo-zingst.de\/index.php?rest_route=\/wp\/v2\/pages\/15\/revisions\/223"}],"wp:attachment":[{"href":"https:\/\/berg-fewo-zingst.de\/index.php?rest_route=%2Fwp%2Fv2%2Fmedia&parent=15"}],"curies":[{"name":"wp","href":"https:\/\/api.w.org\/{rel}","templated":true}]}}